{"id":13,"date":"2026-02-18T18:35:34","date_gmt":"2026-02-18T18:35:34","guid":{"rendered":"https:\/\/www.sylvalp.fr\/?page_id=13"},"modified":"2026-04-15T06:30:09","modified_gmt":"2026-04-15T06:30:09","slug":"contact","status":"publish","type":"page","link":"https:\/\/www.sylvalp.fr\/index.php\/contact\/","title":{"rendered":"Contact"},"content":{"rendered":"\n<div class=\"wp-block-cover alignfull\" style=\"min-height:500px;aspect-ratio:unset;\"><img fetchpriority=\"high\" decoding=\"async\" width=\"1024\" height=\"385\" class=\"wp-block-cover__image-background wp-image-128 size-large\" alt=\"\" src=\"https:\/\/www.sylvalp.fr\/wp-content\/uploads\/2026\/02\/vecteezy_panorama-banner-background-of-tropical-forest-landscape_6831700-3-1024x385.jpg\" data-object-fit=\"cover\" srcset=\"https:\/\/www.sylvalp.fr\/wp-content\/uploads\/2026\/02\/vecteezy_panorama-banner-background-of-tropical-forest-landscape_6831700-3-1024x385.jpg 1024w, https:\/\/www.sylvalp.fr\/wp-content\/uploads\/2026\/02\/vecteezy_panorama-banner-background-of-tropical-forest-landscape_6831700-3-300x113.jpg 300w, https:\/\/www.sylvalp.fr\/wp-content\/uploads\/2026\/02\/vecteezy_panorama-banner-background-of-tropical-forest-landscape_6831700-3-768x289.jpg 768w, https:\/\/www.sylvalp.fr\/wp-content\/uploads\/2026\/02\/vecteezy_panorama-banner-background-of-tropical-forest-landscape_6831700-3-1536x578.jpg 1536w, https:\/\/www.sylvalp.fr\/wp-content\/uploads\/2026\/02\/vecteezy_panorama-banner-background-of-tropical-forest-landscape_6831700-3-2048x770.jpg 2048w\" sizes=\"(max-width: 1024px) 100vw, 1024px\" \/><span aria-hidden=\"true\" class=\"wp-block-cover__background has-background-dim-0 has-background-dim\" style=\"background-color:#797765\"><\/span><div class=\"wp-block-cover__inner-container has-global-padding is-layout-constrained wp-block-cover-is-layout-constrained\">\n<div class=\"wp-block-group is-vertical is-content-justification-center is-layout-flex wp-container-core-group-is-layout-27e8027c wp-block-group-is-layout-flex\" style=\"padding-top:0;padding-right:2.01rem;padding-bottom:0;padding-left:2.01rem\">\n<h1 class=\"wp-block-heading has-text-color\" style=\"color:#345c01;font-size:clamp(2.629rem, 2.629rem + ((1vw - 0.2rem) * 4.311), 5rem);font-style:normal;font-weight:500\"><mark style=\"background-color:rgba(0, 0, 0, 0)\" class=\"has-inline-color has-white-color\">Contact<\/mark><\/h1>\n<\/div>\n<\/div><\/div>\n\n\n\n<div class=\"wp-block-group alignwide has-global-padding is-layout-constrained wp-container-core-group-is-layout-e0f804b6 wp-block-group-is-layout-constrained\" style=\"margin-top:0;margin-bottom:0;padding-top:0;padding-bottom:0\">\n<div class=\"wp-block-columns alignwide is-layout-flex wp-container-core-columns-is-layout-ddade169 wp-block-columns-is-layout-flex\" style=\"margin-top:7.01rem;margin-bottom:5rem\">\n<div class=\"wp-block-column is-layout-flow wp-block-column-is-layout-flow\" style=\"padding-right:0;padding-bottom:4.51rem;padding-left:0;flex-basis:33.33%\">\n<h2 class=\"wp-block-heading has-text-color has-link-color wp-elements-19761d0f066a343a3b082539782eb1e7\" style=\"color:#000000;font-size:clamp(1.502rem, 1.502rem + ((1vw - 0.2rem) * 1.815), 2.5rem);font-style:normal;font-weight:400\"><\/h2>\n\n\n\n<div class=\"wp-block-group is-nowrap is-layout-flex wp-container-core-group-is-layout-6c531013 wp-block-group-is-layout-flex\">\n<div class=\"wp-block-media-text\" style=\"margin-top:2.71rem;padding-top:0;padding-right:0;padding-bottom:0;padding-left:0;font-size:clamp(0.875rem, 0.875rem + ((1vw - 0.2rem) * 0.245), 1.01rem);grid-template-columns:15% auto\"><figure class=\"wp-block-media-text__media\"><img decoding=\"async\" src=\"https:\/\/tyler.com\/wp-content\/uploads\/2023\/10\/telephone.png\" alt=\"\" class=\"wp-image-4334 size-full\"\/><\/figure><div class=\"wp-block-media-text__content\">\n<p><\/p>\n\n\n\n<p><\/p>\n<\/div><\/div>\n<\/div>\n\n\n\n<div class=\"wp-block-media-text\" style=\"margin-top:2.01rem;margin-bottom:0;font-size:clamp(0.875rem, 0.875rem + ((1vw - 0.2rem) * 0.245), 1.01rem);grid-template-columns:15% auto\"><figure class=\"wp-block-media-text__media\"><img decoding=\"async\" src=\"https:\/\/tyler.com\/wp-content\/uploads\/2023\/10\/location-1.png\" alt=\"\" class=\"wp-image-4332 size-full\"\/><\/figure><div class=\"wp-block-media-text__content\"><\/div><\/div>\n\n\n\n<div class=\"wp-block-media-text\" style=\"margin-top:2.01rem;margin-bottom:0;font-size:clamp(0.875rem, 0.875rem + ((1vw - 0.2rem) * 0.245), 1.01rem);grid-template-columns:15% auto\"><figure class=\"wp-block-media-text__media\"><img decoding=\"async\" src=\"https:\/\/tyler.com\/wp-content\/uploads\/2023\/10\/email-1.png\" alt=\"\" class=\"wp-image-4333 size-full\"\/><\/figure><div class=\"wp-block-media-text__content\"><\/div><\/div>\n\n\n\n<div style=\"margin-top:0;margin-bottom:0;height:45px\" aria-hidden=\"true\" class=\"wp-block-spacer\"><\/div>\n\n\n\n<p class=\"has-text-color has-link-color wp-elements-926889b3160c9013af43c64334e6503c\" style=\"color:#000000;margin-top:0;margin-bottom:0;padding-top:0;padding-bottom:0;font-size:clamp(14px, 0.875rem + ((1vw - 3.2px) * 0.455), 18px);\"><\/p>\n\n\n\n<ul class=\"wp-block-social-links has-icon-color has-icon-background-color is-layout-flex wp-container-core-social-links-is-layout-55244b3a wp-block-social-links-is-layout-flex\" style=\"margin-top:1.01rem;margin-bottom:1.01rem\"><\/ul>\n<\/div>\n\n\n\n<div class=\"wp-block-column is-layout-flow wp-block-column-is-layout-flow\" style=\"flex-basis:66.66%\">\n<h2 class=\"wp-block-heading has-text-color has-link-color wp-elements-101ce1fa4fc09e291efc1fe0aeb55ef6\" style=\"color:#000000;font-size:clamp(1.502rem, 1.502rem + ((1vw - 0.2rem) * 1.815), 2.5rem);font-style:normal;font-weight:400\">Contact<\/h2>\n\n\n\n<details class=\"wp-block-details is-layout-flow wp-block-details-is-layout-flow\"><summary><strong>Pour toute demande urgente ou n\u00e9cessitant une r\u00e9ponse rapide, nous vous invitons \u00e0 privil\u00e9gier le contact t\u00e9l\u00e9phonique.<\/strong><br>Nous pourrons ainsi vous renseigner imm\u00e9diatement et \u00e9tudier votre besoin plus efficacement.<\/summary>\n<p><\/p>\n<\/details>\n\n\n\n<div style=\"height:15px\" aria-hidden=\"true\" class=\"wp-block-spacer\"><\/div>\n\n\n\n<div class=\"wp-block-media-text is-stacked-on-mobile\" style=\"grid-template-columns:15% auto\"><figure class=\"wp-block-media-text__media\"><img decoding=\"async\" width=\"256\" height=\"256\" src=\"https:\/\/www.sylvalp.fr\/wp-content\/uploads\/2026\/04\/1151429-1.png\" alt=\"\" class=\"wp-image-196 size-full\" srcset=\"https:\/\/www.sylvalp.fr\/wp-content\/uploads\/2026\/04\/1151429-1.png 256w, https:\/\/www.sylvalp.fr\/wp-content\/uploads\/2026\/04\/1151429-1-150x150.png 150w\" sizes=\"(max-width: 256px) 100vw, 256px\" \/><\/figure><div class=\"wp-block-media-text__content\">\n<p>09.61.23.21.09<\/p>\n\n\n\n<p>06.02.22.88.32<\/p>\n<\/div><\/div>\n\n\n\n<div class=\"wp-block-media-text is-stacked-on-mobile\" style=\"grid-template-columns:15% auto\"><figure class=\"wp-block-media-text__media\"><img decoding=\"async\" width=\"512\" height=\"512\" src=\"https:\/\/www.sylvalp.fr\/wp-content\/uploads\/2026\/04\/54215.png\" alt=\"\" class=\"wp-image-197 size-full\" srcset=\"https:\/\/www.sylvalp.fr\/wp-content\/uploads\/2026\/04\/54215.png 512w, https:\/\/www.sylvalp.fr\/wp-content\/uploads\/2026\/04\/54215-300x300.png 300w, https:\/\/www.sylvalp.fr\/wp-content\/uploads\/2026\/04\/54215-150x150.png 150w\" sizes=\"(max-width: 512px) 100vw, 512px\" \/><\/figure><div class=\"wp-block-media-text__content\">\n<p><br>contact@sylvalp.fr<\/p>\n<\/div><\/div>\n\n\n\n<div class=\"wp-block-media-text is-stacked-on-mobile\" style=\"grid-template-columns:15% auto\"><figure class=\"wp-block-media-text__media\"><img loading=\"lazy\" decoding=\"async\" width=\"350\" height=\"350\" src=\"https:\/\/www.sylvalp.fr\/wp-content\/uploads\/2026\/04\/location-map-address-icon-symbol-free-png.webp\" alt=\"\" class=\"wp-image-198 size-full\" srcset=\"https:\/\/www.sylvalp.fr\/wp-content\/uploads\/2026\/04\/location-map-address-icon-symbol-free-png.webp 350w, https:\/\/www.sylvalp.fr\/wp-content\/uploads\/2026\/04\/location-map-address-icon-symbol-free-png-300x300.webp 300w, https:\/\/www.sylvalp.fr\/wp-content\/uploads\/2026\/04\/location-map-address-icon-symbol-free-png-150x150.webp 150w\" sizes=\"(max-width: 350px) 100vw, 350px\" \/><\/figure><div class=\"wp-block-media-text__content\">\n<p>38880 Autrans<\/p>\n<\/div><\/div>\n\n\n\n<hr class=\"wp-block-separator has-alpha-channel-opacity is-style-wide\"\/>\n\n\n<style id=\"wpforms-css-vars-23-block-035fbcaf-7038-4c27-8fc5-4ac6a5117cb5\">\n\t\t\t\t#wpforms-23.wpforms-block-035fbcaf-7038-4c27-8fc5-4ac6a5117cb5 {\n\t\t\t\t--wpforms-field-size-input-height: 43px;\n--wpforms-field-size-input-spacing: 15px;\n--wpforms-field-size-font-size: 16px;\n--wpforms-field-size-line-height: 19px;\n--wpforms-field-size-padding-h: 14px;\n--wpforms-field-size-checkbox-size: 16px;\n--wpforms-field-size-sublabel-spacing: 5px;\n--wpforms-field-size-icon-size: 1;\n--wpforms-label-size-font-size: 16px;\n--wpforms-label-size-line-height: 19px;\n--wpforms-label-size-sublabel-font-size: 14px;\n--wpforms-label-size-sublabel-line-height: 17px;\n--wpforms-button-size-font-size: 17px;\n--wpforms-button-size-height: 41px;\n--wpforms-button-size-padding-h: 15px;\n--wpforms-button-size-margin-top: 10px;\n\t\t\t}\n\t\t\t<\/style><div class=\"wpforms-container wpforms-container-full wpforms-block wpforms-block-035fbcaf-7038-4c27-8fc5-4ac6a5117cb5 wpforms-render-modern\" id=\"wpforms-23\"><form id=\"wpforms-form-23\" class=\"wpforms-validate wpforms-form wpforms-ajax-form\" data-formid=\"23\" method=\"post\" enctype=\"multipart\/form-data\" action=\"\/index.php\/wp-json\/wp\/v2\/pages\/13\" data-token=\"64cf9258c31613d093734f620b7935e7\" data-token-time=\"1776594153\"><noscript class=\"wpforms-error-noscript\">Veuillez activer JavaScript dans votre navigateur pour remplir ce formulaire.<\/noscript><div id=\"wpforms-error-noscript\" style=\"display: none;\">Veuillez activer JavaScript dans votre navigateur pour remplir ce formulaire.<\/div><div class=\"wpforms-field-container\"><div id=\"wpforms-23-field_1-container\" class=\"wpforms-field wpforms-field-name\" data-field-id=\"1\"><fieldset><legend class=\"wpforms-field-label\">Nom <span class=\"wpforms-required-label\" aria-hidden=\"true\">*<\/span><\/legend><div class=\"wpforms-field-row wpforms-field-medium\"><div class=\"wpforms-field-row-block wpforms-first wpforms-one-half\"><input type=\"text\" id=\"wpforms-23-field_1\" class=\"wpforms-field-name-first wpforms-field-required\" name=\"wpforms[fields][1][first]\" aria-errormessage=\"wpforms-23-field_1-error\" required><label for=\"wpforms-23-field_1\" class=\"wpforms-field-sublabel after\">Pr\u00e9nom<\/label><\/div><div class=\"wpforms-field-row-block wpforms-one-half\"><input type=\"text\" id=\"wpforms-23-field_1-last\" class=\"wpforms-field-name-last wpforms-field-required\" name=\"wpforms[fields][1][last]\" aria-errormessage=\"wpforms-23-field_1-last-error\" required><label for=\"wpforms-23-field_1-last\" class=\"wpforms-field-sublabel after\">Nom<\/label><\/div><\/div><\/fieldset><\/div><div id=\"wpforms-23-field_2-container\" class=\"wpforms-field wpforms-field-email\" data-field-id=\"2\"><label class=\"wpforms-field-label\" for=\"wpforms-23-field_2\">E-mail <span class=\"wpforms-required-label\" aria-hidden=\"true\">*<\/span><\/label><input type=\"email\" id=\"wpforms-23-field_2\" class=\"wpforms-field-medium wpforms-field-required\" name=\"wpforms[fields][2]\" spellcheck=\"false\" aria-errormessage=\"wpforms-23-field_2-error\" required><\/div>\t\t<div id=\"wpforms-23-field_4-container\"\n\t\t\tclass=\"wpforms-field wpforms-field-text\"\n\t\t\tdata-field-type=\"text\"\n\t\t\tdata-field-id=\"4\"\n\t\t\t>\n\t\t\t<label class=\"wpforms-field-label\" for=\"wpforms-23-field_4\" >E-mail message Nom<\/label>\n\t\t\t<input type=\"text\" id=\"wpforms-23-field_4\" class=\"wpforms-field-medium\" name=\"wpforms[fields][4]\" >\n\t\t<\/div>\n\t\t<div id=\"wpforms-23-field_3-container\" class=\"wpforms-field wpforms-field-textarea\" data-field-id=\"3\"><label class=\"wpforms-field-label\" for=\"wpforms-23-field_3\">Commentaire ou message<\/label><textarea id=\"wpforms-23-field_3\" class=\"wpforms-field-medium\" name=\"wpforms[fields][3]\" aria-errormessage=\"wpforms-23-field_3-error\" ><\/textarea><\/div><script>\n\t\t\t\t( function() {\n\t\t\t\t\tconst style = document.createElement( 'style' );\n\t\t\t\t\tstyle.appendChild( document.createTextNode( '#wpforms-23-field_4-container { position: absolute !important; overflow: hidden !important; display: inline !important; height: 1px !important; width: 1px !important; z-index: -1000 !important; padding: 0 !important; } #wpforms-23-field_4-container input { visibility: hidden; } #wpforms-conversational-form-page #wpforms-23-field_4-container label { counter-increment: none; }' ) );\n\t\t\t\t\tdocument.head.appendChild( style );\n\t\t\t\t\tdocument.currentScript?.remove();\n\t\t\t\t} )();\n\t\t\t<\/script><\/div><!-- .wpforms-field-container --><div class=\"wpforms-submit-container\" ><input type=\"hidden\" name=\"wpforms[id]\" value=\"23\"><input type=\"hidden\" name=\"page_title\" value=\"\"><input type=\"hidden\" name=\"page_url\" value=\"https:\/\/www.sylvalp.fr\/index.php\/wp-json\/wp\/v2\/pages\/13\"><input type=\"hidden\" name=\"url_referer\" value=\"\"><button type=\"submit\" name=\"wpforms[submit]\" id=\"wpforms-submit-23\" class=\"wpforms-submit\" data-alt-text=\"Envoi...\" data-submit-text=\"Envoyer\" aria-live=\"assertive\" value=\"wpforms-submit\">Envoyer<\/button><img loading=\"lazy\" decoding=\"async\" src=\"https:\/\/www.sylvalp.fr\/wp-content\/plugins\/wpforms-lite\/assets\/images\/submit-spin.svg\" class=\"wpforms-submit-spinner\" style=\"display: none;\" width=\"26\" height=\"26\" alt=\"Chargement en cours\"><\/div><\/form><\/div>  <!-- .wpforms-container --><\/div>\n<\/div>\n<\/div>\n\n\n\n<p><\/p>\n","protected":false},"excerpt":{"rendered":"<p>Contact 09.61.23.21.09 06.02.22.88.32 contact@sylvalp.fr 38880 Autrans<\/p>\n","protected":false},"author":1,"featured_media":128,"parent":0,"menu_order":0,"comment_status":"closed","ping_status":"closed","template":"","meta":{"footnotes":""},"class_list":["post-13","page","type-page","status-publish","has-post-thumbnail","hentry"],"_links":{"self":[{"href":"https:\/\/www.sylvalp.fr\/index.php\/wp-json\/wp\/v2\/pages\/13","targetHints":{"allow":["GET"]}}],"collection":[{"href":"https:\/\/www.sylvalp.fr\/index.php\/wp-json\/wp\/v2\/pages"}],"about":[{"href":"https:\/\/www.sylvalp.fr\/index.php\/wp-json\/wp\/v2\/types\/page"}],"author":[{"embeddable":true,"href":"https:\/\/www.sylvalp.fr\/index.php\/wp-json\/wp\/v2\/users\/1"}],"replies":[{"embeddable":true,"href":"https:\/\/www.sylvalp.fr\/index.php\/wp-json\/wp\/v2\/comments?post=13"}],"version-history":[{"count":14,"href":"https:\/\/www.sylvalp.fr\/index.php\/wp-json\/wp\/v2\/pages\/13\/revisions"}],"predecessor-version":[{"id":200,"href":"https:\/\/www.sylvalp.fr\/index.php\/wp-json\/wp\/v2\/pages\/13\/revisions\/200"}],"wp:featuredmedia":[{"embeddable":true,"href":"https:\/\/www.sylvalp.fr\/index.php\/wp-json\/wp\/v2\/media\/128"}],"wp:attachment":[{"href":"https:\/\/www.sylvalp.fr\/index.php\/wp-json\/wp\/v2\/media?parent=13"}],"curies":[{"name":"wp","href":"https:\/\/api.w.org\/{rel}","templated":true}]}}