{"id":6,"date":"2026-02-18T18:34:52","date_gmt":"2026-02-18T18:34:52","guid":{"rendered":"https:\/\/www.sylvalp.fr\/?page_id=6"},"modified":"2026-03-19T08:42:38","modified_gmt":"2026-03-19T08:42:38","slug":"accueil","status":"publish","type":"page","link":"https:\/\/www.sylvalp.fr\/","title":{"rendered":"Accueil"},"content":{"rendered":"\n<div class=\"wp-block-cover alignfull is-light has-custom-content-position is-position-center-left wp-duotone-unset-1\" style=\"min-height:100vh;aspect-ratio:unset;\"><img fetchpriority=\"high\" decoding=\"async\" width=\"2048\" height=\"1536\" class=\"wp-block-cover__image-background wp-image-37 size-full\" alt=\"\" src=\"https:\/\/www.sylvalp.fr\/wp-content\/uploads\/2026\/02\/465979003_2414857225533076_8468931051419471866_n-2.jpg\" data-object-fit=\"cover\" srcset=\"https:\/\/www.sylvalp.fr\/wp-content\/uploads\/2026\/02\/465979003_2414857225533076_8468931051419471866_n-2.jpg 2048w, https:\/\/www.sylvalp.fr\/wp-content\/uploads\/2026\/02\/465979003_2414857225533076_8468931051419471866_n-2-300x225.jpg 300w, https:\/\/www.sylvalp.fr\/wp-content\/uploads\/2026\/02\/465979003_2414857225533076_8468931051419471866_n-2-1024x768.jpg 1024w, https:\/\/www.sylvalp.fr\/wp-content\/uploads\/2026\/02\/465979003_2414857225533076_8468931051419471866_n-2-768x576.jpg 768w, https:\/\/www.sylvalp.fr\/wp-content\/uploads\/2026\/02\/465979003_2414857225533076_8468931051419471866_n-2-1536x1152.jpg 1536w\" sizes=\"(max-width: 2048px) 100vw, 2048px\" \/><span aria-hidden=\"true\" class=\"wp-block-cover__background has-contrast-background-color has-background-dim-0 has-background-dim\"><\/span><div class=\"wp-block-cover__inner-container has-global-padding is-layout-constrained wp-container-core-cover-is-layout-c8431ee3 wp-block-cover-is-layout-constrained\">\n<div style=\"height:40px\" aria-hidden=\"true\" class=\"wp-block-spacer\"><\/div>\n\n\n\n<h2 class=\"wp-block-heading has-text-align-center has-text-color\" style=\"color:#2c541d;font-size:clamp(2.629rem, 2.629rem + ((1vw - 0.2rem) * 4.311), 5rem);font-style:normal;font-weight:500;text-transform:uppercase\"><\/h2>\n\n\n\n<p class=\"has-text-align-center has-text-color\" style=\"color:#000001;margin-top:0;margin-bottom:0;padding-top:0;padding-right:0;padding-bottom:0;padding-left:0;font-size:clamp(1.25rem, 1.25rem + ((1vw - 0.2rem) * 1.364), 2rem);font-style:normal;font-weight:300;letter-spacing:0.3rem;text-transform:uppercase\">Exploitation foresti\u00e8re<\/p>\n\n\n\n<p class=\"has-text-align-center has-text-color\" style=\"color:#000001;margin-top:0;margin-bottom:0;padding-top:0;padding-right:0;padding-bottom:0;padding-left:0;font-size:clamp(1.25rem, 1.25rem + ((1vw - 0.2rem) * 1.364), 2rem);font-style:normal;font-weight:300;letter-spacing:0.3rem;text-transform:uppercase\">travaux forestiers<\/p>\n\n\n\n<p class=\"has-text-align-center has-text-color\" style=\"color:#000001;margin-top:0;margin-bottom:0;padding-top:0;padding-right:0;padding-bottom:0;padding-left:0;font-size:clamp(1.25rem, 1.25rem + ((1vw - 0.2rem) * 1.364), 2rem);font-style:normal;font-weight:300;letter-spacing:0.3rem;text-transform:uppercase\">sylviculture<\/p>\n\n\n\n<p class=\"has-text-align-center has-text-color\" style=\"color:#000001;margin-top:0;margin-bottom:0;padding-top:0;padding-right:0;padding-bottom:0;padding-left:0;font-size:clamp(1.25rem, 1.25rem + ((1vw - 0.2rem) * 1.364), 2rem);font-style:normal;font-weight:300;letter-spacing:0.3rem;text-transform:uppercase\">Negoce<\/p>\n\n\n\n<p><\/p>\n\n\n\n<div class=\"wp-block-buttons is-content-justification-center is-layout-flex wp-container-core-buttons-is-layout-f9602b72 wp-block-buttons-is-layout-flex\" style=\"margin-top:2.01rem;margin-bottom:2.01rem\">\n<div class=\"wp-block-button is-style-fill\"><a class=\"wp-block-button__link has-text-color has-background has-custom-font-size wp-element-button\" href=\"https:\/\/www.sylvalp.fr\/index.php\/a-propos\/\" style=\"border-radius:0px;color:#ffffff;background-color:#74a84a;padding-top:9px;padding-right:40px;padding-bottom:9px;padding-left:40px;font-size:clamp(0.875rem, 0.875rem + ((1vw - 0.2rem) * 0.464), 1.13rem);font-style:normal;font-weight:300;letter-spacing:2px;text-transform:uppercase\">\u00c0 propos<\/a><\/div>\n<\/div>\n\n\n\n<div style=\"height:231px\" aria-hidden=\"true\" class=\"wp-block-spacer\"><\/div>\n<\/div><\/div>\n\n\n\n<section class=\"wp-block-group alignfull has-background has-global-padding is-layout-constrained wp-container-core-group-is-layout-5e70687f wp-block-group-is-layout-constrained\" style=\"background-color:#e9f3f585;margin-top:0rem;padding-right:1rem;padding-left:1rem;font-size:clamp(0.875rem, 0.875rem + ((1vw - 0.2rem) * 0.464), 1.13rem);font-style:normal;font-weight:400;line-height:1.5\">\n<div class=\"wp-block-group has-global-padding is-layout-constrained wp-container-core-group-is-layout-c328c1cf wp-block-group-is-layout-constrained\" style=\"padding-top:5.01rem;padding-bottom:4.01rem\">\n<div class=\"wp-block-columns is-not-stacked-on-mobile is-layout-flex wp-container-core-columns-is-layout-713970fd wp-block-columns-is-layout-flex\">\n<div class=\"wp-block-column is-vertically-aligned-center has-global-padding is-layout-constrained wp-container-core-column-is-layout-579fee1f wp-block-column-is-layout-constrained\" style=\"border-right-color:#000000;border-right-width:1px;padding-right:1rem;padding-left:1rem\">\n<h6 class=\"wp-block-heading has-text-align-center has-text-color\" style=\"color:#000000;font-size:clamp(1.502rem, 1.502rem + ((1vw - 0.2rem) * 1.815), 2.5rem);font-style:normal;font-weight:500;letter-spacing:2px\">85%<\/h6>\n\n\n\n<p class=\"has-text-align-center has-text-color has-link-color wp-elements-4aa46b2a2afb83f65bab8323dd8eaa5e\" style=\"color:#585858;font-size:clamp(14px, 0.875rem + ((1vw - 3.2px) * 0.455), 18px);\">De chantiers r\u00e9alis\u00e9s dans le respect des d\u00e9lais annonc\u00e9s<\/p>\n<\/div>\n\n\n\n<div class=\"wp-block-column has-global-padding is-layout-constrained wp-container-core-column-is-layout-579fee1f wp-block-column-is-layout-constrained\" style=\"border-right-color:#000000;border-right-width:1px;padding-right:1rem;padding-left:1rem\">\n<h6 class=\"wp-block-heading has-text-align-center has-text-color\" style=\"color:#000000;font-size:clamp(1.502rem, 1.502rem + ((1vw - 0.2rem) * 1.815), 2.5rem);font-style:normal;font-weight:500;letter-spacing:2px\">95%<\/h6>\n\n\n\n<p class=\"has-text-align-center has-text-color has-link-color wp-elements-657b37e6e33665cde9c7618608aa8787\" style=\"color:#585858;font-size:clamp(14px, 0.875rem + ((1vw - 3.2px) * 0.455), 18px);\">De clients satisfaits de la qualit\u00e9 des travaux r\u00e9alis\u00e9s<\/p>\n<\/div>\n\n\n\n<div class=\"wp-block-column has-global-padding is-layout-constrained wp-container-core-column-is-layout-579fee1f wp-block-column-is-layout-constrained\" style=\"padding-right:1rem;padding-left:1rem\">\n<h6 class=\"wp-block-heading has-text-align-center has-text-color\" style=\"color:#000000;font-size:clamp(1.502rem, 1.502rem + ((1vw - 0.2rem) * 1.815), 2.5rem);font-style:normal;font-weight:500;letter-spacing:2px\">75%<\/h6>\n\n\n\n<p class=\"has-text-align-center has-text-color has-link-color wp-elements-523a829d6b4c46f0d2119d321a07c230\" style=\"color:#585858;font-size:clamp(14px, 0.875rem + ((1vw - 3.2px) * 0.455), 18px);\">De projets int\u00e9grant une gestion durable et raisonn\u00e9e des peuplements<\/p>\n<\/div>\n<\/div>\n<\/div>\n<\/section>\n\n\n\n<div class=\"wp-block-group alignwide has-global-padding is-layout-constrained wp-container-core-group-is-layout-00663eab wp-block-group-is-layout-constrained\" style=\"padding-top:6rem;padding-bottom:6rem\">\n<div class=\"wp-block-columns alignwide is-layout-flex wp-container-core-columns-is-layout-e121da15 wp-block-columns-is-layout-flex\" style=\"padding-right:2.01rem;padding-left:2.01rem\">\n<div class=\"wp-block-column is-layout-flow wp-container-core-column-is-layout-dc778769 wp-block-column-is-layout-flow\">\n<div class=\"wp-block-group is-vertical is-layout-flex wp-container-core-group-is-layout-634a1b30 wp-block-group-is-layout-flex\">\n<figure class=\"wp-block-image size-full\"><img decoding=\"async\" width=\"1024\" height=\"1536\" src=\"https:\/\/www.sylvalp.fr\/wp-content\/uploads\/2026\/02\/file_00000000849c71f480409d271c3624e7.png\" alt=\"\" class=\"wp-image-90\" style=\"aspect-ratio:3\/4;object-fit:cover\" srcset=\"https:\/\/www.sylvalp.fr\/wp-content\/uploads\/2026\/02\/file_00000000849c71f480409d271c3624e7.png 1024w, https:\/\/www.sylvalp.fr\/wp-content\/uploads\/2026\/02\/file_00000000849c71f480409d271c3624e7-200x300.png 200w, https:\/\/www.sylvalp.fr\/wp-content\/uploads\/2026\/02\/file_00000000849c71f480409d271c3624e7-683x1024.png 683w, https:\/\/www.sylvalp.fr\/wp-content\/uploads\/2026\/02\/file_00000000849c71f480409d271c3624e7-768x1152.png 768w\" sizes=\"(max-width: 1024px) 100vw, 1024px\" \/><\/figure>\n\n\n\n<h4 class=\"wp-block-heading has-text-align-left has-text-color has-link-color wp-elements-214173984fbd26a26f06729df8d8704a\" style=\"color:#000000;margin-top:20px;font-size:clamp(17.905px, 1.119rem + ((1vw - 3.2px) * 1.147), 28px);font-style:normal;font-weight:400;text-transform:capitalize\">exploitation foresti\u00e8re<\/h4>\n\n\n\n<p class=\"has-text-color has-link-color wp-elements-253fb7635c9c556004cfc6ea96e4d74c\" style=\"color:#585858;font-size:clamp(14px, 0.875rem + ((1vw - 3.2px) * 0.455), 18px);\">Sylvalp assure des prestations d\u2019exploitation foresti\u00e8re, de l\u2019achat du bois sur pied jusqu\u2019\u00e0 la vente bord de route. L\u2019entreprise prend en charge l\u2019ensemble des op\u00e9rations, dans une logique de valorisation durable et de ma\u00eetrise technique.<\/p>\n<\/div>\n<\/div>\n\n\n\n<div class=\"wp-block-column is-layout-flow wp-block-column-is-layout-flow\">\n<div class=\"wp-block-group is-vertical is-layout-flex wp-container-core-group-is-layout-634a1b30 wp-block-group-is-layout-flex\">\n<figure class=\"wp-block-image size-full\"><img decoding=\"async\" width=\"894\" height=\"894\" src=\"http:\/\/www.sylvalp.fr\/wp-content\/uploads\/2026\/02\/81LX6H5UI3L._AC_UF8941000_QL80_.jpg\" alt=\"\" class=\"wp-image-34\" style=\"aspect-ratio:3\/4;object-fit:cover\" srcset=\"https:\/\/www.sylvalp.fr\/wp-content\/uploads\/2026\/02\/81LX6H5UI3L._AC_UF8941000_QL80_.jpg 894w, https:\/\/www.sylvalp.fr\/wp-content\/uploads\/2026\/02\/81LX6H5UI3L._AC_UF8941000_QL80_-300x300.jpg 300w, https:\/\/www.sylvalp.fr\/wp-content\/uploads\/2026\/02\/81LX6H5UI3L._AC_UF8941000_QL80_-150x150.jpg 150w, https:\/\/www.sylvalp.fr\/wp-content\/uploads\/2026\/02\/81LX6H5UI3L._AC_UF8941000_QL80_-768x768.jpg 768w\" sizes=\"(max-width: 894px) 100vw, 894px\" \/><\/figure>\n\n\n\n<h4 class=\"wp-block-heading has-text-align-left has-text-color has-link-color wp-elements-584e0eaa7b5d5c66c086372ce2f630e3\" style=\"color:#000000;margin-top:20px;font-size:clamp(17.905px, 1.119rem + ((1vw - 3.2px) * 1.147), 28px);font-style:normal;font-weight:400;text-transform:capitalize\">travaux forestiers<\/h4>\n\n\n\n<p class=\"has-text-color has-link-color wp-elements-c7cde94501f0413e39b0fe63deaec255\" style=\"color:#585858;font-size:clamp(14px, 0.875rem + ((1vw - 3.2px) * 0.455), 18px);\">Sylvalp r\u00e9alise des travaux forestiers pour le compte de propri\u00e9taires priv\u00e9s, de collectivit\u00e9s et de professionnels. L\u2019entreprise intervient en exploitation, entretien et gestion foresti\u00e8re, dans le respect des r\u00e8gles de s\u00e9curit\u00e9 et des milieux naturels.<\/p>\n<\/div>\n<\/div>\n\n\n\n<div class=\"wp-block-column is-layout-flow wp-block-column-is-layout-flow\">\n<div class=\"wp-block-group is-vertical is-layout-flex wp-container-core-group-is-layout-634a1b30 wp-block-group-is-layout-flex\">\n<figure class=\"wp-block-image size-full\"><img loading=\"lazy\" decoding=\"async\" width=\"740\" height=\"415\" src=\"https:\/\/www.sylvalp.fr\/wp-content\/uploads\/2026\/02\/planter-jeune-arbre-dans-environnement-forestier-pendant-journee_124717-19511.jpg\" alt=\"\" class=\"wp-image-93\" style=\"aspect-ratio:3\/4;object-fit:cover\" srcset=\"https:\/\/www.sylvalp.fr\/wp-content\/uploads\/2026\/02\/planter-jeune-arbre-dans-environnement-forestier-pendant-journee_124717-19511.jpg 740w, https:\/\/www.sylvalp.fr\/wp-content\/uploads\/2026\/02\/planter-jeune-arbre-dans-environnement-forestier-pendant-journee_124717-19511-300x168.jpg 300w\" sizes=\"(max-width: 740px) 100vw, 740px\" \/><\/figure>\n\n\n\n<h4 class=\"wp-block-heading has-text-align-left has-text-color has-link-color wp-elements-bb6b50b2fa88c1fd27ee47bf82f1b610\" style=\"color:#000000;margin-top:20px;font-size:clamp(17.905px, 1.119rem + ((1vw - 3.2px) * 1.147), 28px);font-style:normal;font-weight:400;text-transform:capitalize\">sylviculture<\/h4>\n\n\n\n<p class=\"has-text-color has-link-color wp-elements-932ce6d386183b2b21d1105ee40495ff\" style=\"color:#585858;font-size:clamp(14px, 0.875rem + ((1vw - 3.2px) * 0.455), 18px);\">Syvalp intervient en sylviculture pour la plantation, l\u2019entretien, la protection et le suivi des peuplements forestiers. L\u2019entreprise accompagne la gestion durable des for\u00eats, de la cr\u00e9ation des peuplements \u00e0 leur valorisation.<\/p>\n<\/div>\n<\/div>\n<\/div>\n<\/div>\n\n\n\n<div class=\"wp-block-group alignfull has-background has-global-padding is-layout-constrained wp-container-core-group-is-layout-2de2ce88 wp-block-group-is-layout-constrained\" style=\"background-color:#e9f3f585;padding-top:8rem;padding-right:0;padding-bottom:8rem;padding-left:0\">\n<div class=\"wp-block-media-text alignwide has-media-on-the-right is-stacked-on-mobile\" style=\"margin-right:0;margin-left:0;padding-right:0;padding-left:0\"><div class=\"wp-block-media-text__content\">\n<div class=\"wp-block-group has-global-padding is-layout-constrained wp-container-core-group-is-layout-0395af79 wp-block-group-is-layout-constrained\" style=\"padding-top:4.51rem;padding-right:2.71rem;padding-bottom:4.51rem;padding-left:0\">\n<h2 class=\"wp-block-heading has-text-align-left has-text-color has-link-color wp-elements-0e8514a2fef14627d01a5283cc1eedd3\" style=\"color:#000000;font-size:clamp(1.502rem, 1.502rem + ((1vw - 0.2rem) * 1.815), 2.5rem);font-style:normal;font-weight:400;letter-spacing:2px;text-transform:uppercase\">\u00c0 propos<\/h2>\n\n\n\n<p class=\"has-text-color has-link-color wp-elements-2bb683677fd3a86077d56e4cf2a47192\" style=\"color:#585858;font-size:clamp(0.875rem, 0.875rem + ((1vw - 0.2rem) * 0.464), 1.13rem);\">Sylvalp est une entreprise sp\u00e9cialis\u00e9e en exploitation foresti\u00e8re et en sylviculture. Implant\u00e9e en milieu alpin, elle accompagne propri\u00e9taires priv\u00e9s, collectivit\u00e9s et professionnels dans la gestion, l\u2019entretien et la valorisation durable des for\u00eats.<\/p>\n\n\n\n<p>Nous intervenons principalement en Is\u00e8re, Dr\u00f4me, Savoie et Hautes-Alpes.<br>Des d\u00e9placements dans les d\u00e9partements limitrophes sont possibles sur demande sp\u00e9cifique.<\/p>\n<\/div>\n<\/div><figure class=\"wp-block-media-text__media\"><img loading=\"lazy\" decoding=\"async\" width=\"800\" height=\"779\" src=\"https:\/\/www.sylvalp.fr\/wp-content\/uploads\/2026\/02\/131749202.jpg\" alt=\"\" class=\"wp-image-48 size-full\" srcset=\"https:\/\/www.sylvalp.fr\/wp-content\/uploads\/2026\/02\/131749202.jpg 800w, https:\/\/www.sylvalp.fr\/wp-content\/uploads\/2026\/02\/131749202-300x292.jpg 300w, https:\/\/www.sylvalp.fr\/wp-content\/uploads\/2026\/02\/131749202-768x748.jpg 768w\" sizes=\"(max-width: 800px) 100vw, 800px\" \/><\/figure><\/div>\n<\/div>\n\n\n\n<section class=\"wp-block-group alignfull has-text-color has-global-padding is-layout-constrained wp-container-core-group-is-layout-5e70687f wp-block-group-is-layout-constrained\" style=\"color:#3e3e3e;margin-top:0rem;padding-right:1rem;padding-left:1rem;font-size:clamp(0.875rem, 0.875rem + ((1vw - 0.2rem) * 0.464), 1.13rem);font-style:normal;font-weight:400;line-height:1.5\">\n<div class=\"wp-block-group has-global-padding is-layout-constrained wp-container-core-group-is-layout-484a691e wp-block-group-is-layout-constrained\" style=\"padding-top:6rem;padding-bottom:6rem\">\n<h2 class=\"wp-block-heading has-text-align-center has-text-color has-link-color wp-elements-3fae8309b2fc22c5cc9bce9617656794\" style=\"color:#000000;font-size:clamp(1.502rem, 1.502rem + ((1vw - 0.2rem) * 1.815), 2.5rem);font-style:normal;font-weight:400;letter-spacing:2px;text-transform:uppercase\">t\u00e9moignages<\/h2>\n\n\n\n<div class=\"wp-block-columns is-layout-flex wp-container-core-columns-is-layout-e042d399 wp-block-columns-is-layout-flex\" style=\"margin-top:50px\">\n<div class=\"wp-block-column has-global-padding is-layout-constrained wp-container-core-column-is-layout-29cfd2c5 wp-block-column-is-layout-constrained\">\n<div class=\"wp-block-group is-vertical is-content-justification-center is-layout-flex wp-container-core-group-is-layout-3ef15092 wp-block-group-is-layout-flex\">\n<p class=\"has-text-align-center has-text-color has-link-color wp-elements-1bb4c16320830895d04002ddf17e5a13\" style=\"color:#585858;font-size:clamp(14px, 0.875rem + ((1vw - 3.2px) * 0.455), 18px);\">Travail s\u00e9rieux et bien organis\u00e9. Le chantier a \u00e9t\u00e9 men\u00e9 dans les d\u00e9lais, avec un vrai respect de la for\u00eat. Je recommande sans h\u00e9siter.<\/p>\n\n\n\n<p class=\"has-text-align-center has-text-color has-link-color wp-elements-8ba8f9020b9b9d6e44567575d12754ee\" style=\"color:#161616;margin-top:0px;font-size:clamp(0.875rem, 0.875rem + ((1vw - 0.2rem) * 0.227), 1rem);font-style:normal;font-weight:500;line-height:1.5;text-transform:uppercase\">Propri\u00e9taire priv\u00e9<\/p>\n<\/div>\n<\/div>\n\n\n\n<div class=\"wp-block-column has-global-padding is-layout-constrained wp-container-core-column-is-layout-29cfd2c5 wp-block-column-is-layout-constrained\">\n<div class=\"wp-block-group is-vertical is-content-justification-center is-layout-flex wp-container-core-group-is-layout-3ef15092 wp-block-group-is-layout-flex\">\n<p class=\"has-text-align-center has-text-color has-link-color wp-elements-e838d55ae899e4a7cd2c48b6e616aa74\" style=\"color:#585858;font-size:clamp(14px, 0.875rem + ((1vw - 3.2px) * 0.455), 18px);\">Une entreprise fiable et comp\u00e9tente, du conseil jusqu\u2019\u00e0 la r\u00e9alisation. Le suivi est clair et la communication fluide.<\/p>\n\n\n\n<p class=\"has-text-align-center has-text-color has-link-color wp-elements-eb4712ab931976fbc919014e9d769a46\" style=\"color:#161616;margin-top:0px;font-size:clamp(0.875rem, 0.875rem + ((1vw - 0.2rem) * 0.227), 1rem);font-style:normal;font-weight:500;line-height:1.5;text-transform:uppercase\">Collectivit\u00e9 locale<\/p>\n<\/div>\n<\/div>\n\n\n\n<div class=\"wp-block-column has-global-padding is-layout-constrained wp-container-core-column-is-layout-29cfd2c5 wp-block-column-is-layout-constrained\">\n<div class=\"wp-block-group is-vertical is-content-justification-center is-layout-flex wp-container-core-group-is-layout-3ef15092 wp-block-group-is-layout-flex\">\n<p class=\"has-text-align-center has-text-color has-link-color wp-elements-ddd64cbbc5019b0da98ce1734830f83c\" style=\"color:#585858;font-size:clamp(14px, 0.875rem + ((1vw - 3.2px) * 0.455), 18px);\">Exploitation propre et efficace, bois bien valoris\u00e9 et chantier laiss\u00e9 en bon \u00e9tat. Un vrai professionnel.<\/p>\n\n\n\n<p class=\"has-text-align-center has-text-color has-link-color wp-elements-8ba8f9020b9b9d6e44567575d12754ee\" style=\"color:#161616;margin-top:0px;font-size:clamp(0.875rem, 0.875rem + ((1vw - 0.2rem) * 0.227), 1rem);font-style:normal;font-weight:500;line-height:1.5;text-transform:uppercase\">Propri\u00e9taire priv\u00e9<\/p>\n<\/div>\n<\/div>\n<\/div>\n<\/div>\n<\/section>\n\n\n\n<div class=\"wp-block-cover alignfull\" style=\"padding-top:120px;padding-bottom:200px\"><img loading=\"lazy\" decoding=\"async\" width=\"1602\" height=\"900\" class=\"wp-block-cover__image-background wp-image-96 size-large\" alt=\"\" src=\"http:\/\/www.sylvalp.fr\/wp-content\/uploads\/2026\/02\/dji0364-1.jpg\" data-object-fit=\"cover\" srcset=\"https:\/\/www.sylvalp.fr\/wp-content\/uploads\/2026\/02\/dji0364-1.jpg 1602w, https:\/\/www.sylvalp.fr\/wp-content\/uploads\/2026\/02\/dji0364-1-300x169.jpg 300w, https:\/\/www.sylvalp.fr\/wp-content\/uploads\/2026\/02\/dji0364-1-1024x575.jpg 1024w, https:\/\/www.sylvalp.fr\/wp-content\/uploads\/2026\/02\/dji0364-1-768x431.jpg 768w, https:\/\/www.sylvalp.fr\/wp-content\/uploads\/2026\/02\/dji0364-1-1536x863.jpg 1536w\" sizes=\"(max-width: 1602px) 100vw, 1602px\" \/><span aria-hidden=\"true\" class=\"wp-block-cover__background has-background-dim-0 has-background-dim\" style=\"background-color:#6f7071\"><\/span><div class=\"wp-block-cover__inner-container has-global-padding is-layout-constrained wp-block-cover-is-layout-constrained\">\n<div class=\"wp-block-group has-global-padding is-layout-constrained wp-container-core-group-is-layout-ebe15cfa wp-block-group-is-layout-constrained\">\n<div class=\"wp-block-group is-vertical is-content-justification-center is-layout-flex wp-container-core-group-is-layout-df5e5584 wp-block-group-is-layout-flex\" style=\"padding-top:0;padding-right:2.01rem;padding-bottom:0;padding-left:2.01rem\">\n<h2 class=\"wp-block-heading has-text-color\" style=\"color:#2c541d;font-size:clamp(1.502rem, 1.502rem + ((1vw - 0.2rem) * 1.815), 2.5rem);font-style:normal;font-weight:500;letter-spacing:2px;text-transform:uppercase\"><strong><mark style=\"background-color:rgba(0, 0, 0, 0)\" class=\"has-inline-color has-white-color\">Contactez-nous<\/mark><\/strong><\/h2>\n\n\n\n<p class=\"has-text-align-center has-text-color\" style=\"color:#585858;font-size:clamp(0.875rem, 0.875rem + ((1vw - 0.2rem) * 0.464), 1.13rem);font-style:normal;font-weight:400\"><mark style=\"background-color:rgba(0, 0, 0, 0);color:#f4f4f4\" class=\"has-inline-color\">Nous sommes \u00e0 votre \u00e9coute<\/mark><\/p>\n\n\n\n<div class=\"wp-block-buttons is-content-justification-center is-layout-flex wp-container-core-buttons-is-layout-f9602b72 wp-block-buttons-is-layout-flex\" style=\"margin-top:2.01rem;margin-bottom:2.01rem\">\n<div class=\"wp-block-button is-style-fill\"><a class=\"wp-block-button__link has-text-color has-background has-custom-font-size wp-element-button\" href=\"https:\/\/www.sylvalp.fr\/index.php\/contact\/\" style=\"border-radius:0px;color:#ffffff;background-color:#74a84a;padding-top:9px;padding-right:40px;padding-bottom:9px;padding-left:40px;font-size:clamp(0.875rem, 0.875rem + ((1vw - 0.2rem) * 0.464), 1.13rem);font-style:normal;font-weight:300;letter-spacing:2px;text-transform:uppercase\">CONTACT<\/a><\/div>\n<\/div>\n<\/div>\n<\/div>\n<\/div><\/div>\n","protected":false},"excerpt":{"rendered":"<p>85% De chantiers r\u00e9alis\u00e9s dans le respect des d\u00e9lais annonc\u00e9s 95% De clients satisfaits de la qualit\u00e9 des travaux r\u00e9alis\u00e9s 75% De projets int\u00e9grant une gestion durable et raisonn\u00e9e des peuplements exploitation foresti\u00e8re Sylvalp assure des prestations d\u2019exploitation foresti\u00e8re, de l\u2019achat du bois sur pied jusqu\u2019\u00e0 la vente bord de route. L\u2019entreprise prend en charge [&hellip;]<\/p>\n","protected":false},"author":1,"featured_media":0,"parent":0,"menu_order":0,"comment_status":"closed","ping_status":"closed","template":"","meta":{"footnotes":""},"class_list":["post-6","page","type-page","status-publish","hentry"],"_links":{"self":[{"href":"https:\/\/www.sylvalp.fr\/index.php\/wp-json\/wp\/v2\/pages\/6","targetHints":{"allow":["GET"]}}],"collection":[{"href":"https:\/\/www.sylvalp.fr\/index.php\/wp-json\/wp\/v2\/pages"}],"about":[{"href":"https:\/\/www.sylvalp.fr\/index.php\/wp-json\/wp\/v2\/types\/page"}],"author":[{"embeddable":true,"href":"https:\/\/www.sylvalp.fr\/index.php\/wp-json\/wp\/v2\/users\/1"}],"replies":[{"embeddable":true,"href":"https:\/\/www.sylvalp.fr\/index.php\/wp-json\/wp\/v2\/comments?post=6"}],"version-history":[{"count":19,"href":"https:\/\/www.sylvalp.fr\/index.php\/wp-json\/wp\/v2\/pages\/6\/revisions"}],"predecessor-version":[{"id":179,"href":"https:\/\/www.sylvalp.fr\/index.php\/wp-json\/wp\/v2\/pages\/6\/revisions\/179"}],"wp:attachment":[{"href":"https:\/\/www.sylvalp.fr\/index.php\/wp-json\/wp\/v2\/media?parent=6"}],"curies":[{"name":"wp","href":"https:\/\/api.w.org\/{rel}","templated":true}]}}